{"id":4413,"date":"2022-03-21T16:41:07","date_gmt":"2022-03-21T19:41:07","guid":{"rendered":"https:\/\/teamguide.app\/blog\/?page_id=4413"},"modified":"2022-03-21T16:41:31","modified_gmt":"2022-03-21T19:41:31","slug":"inseguranca","status":"publish","type":"page","link":"https:\/\/teamguide.app\/blog\/irritacao\/inseguranca\/","title":{"rendered":"Inseguran\u00e7a"},"content":{"rendered":"","protected":false},"excerpt":{"rendered":"","protected":false},"author":3,"featured_media":0,"parent":4370,"menu_order":0,"comment_status":"closed","ping_status":"closed","template":"","meta":{"site-sidebar-layout":"default","site-content-layout":"default","ast-global-header-display":"","ast-banner-title-visibility":"","ast-main-header-display":"","ast-hfb-above-header-display":"","ast-hfb-below-header-display":"","ast-hfb-mobile-header-display":"","site-post-title":"","ast-breadcrumbs-content":"","ast-featured-img":"","footer-sml-layout":"","theme-transparent-header-meta":"","adv-header-id-meta":"","stick-header-meta":"","header-above-stick-meta":"","header-main-stick-meta":"","header-below-stick-meta":"","footnotes":""},"class_list":["post-4413","page","type-page","status-publish","hentry"],"yoast_head":"<!-- This site is optimized with the Yoast SEO plugin v23.0 - https:\/\/yoast.com\/wordpress\/plugins\/seo\/ -->\n<title>Inseguran\u00e7a - Blog do TeamGuide | Ferramentas e conte\u00fados para engajar sua equipe.<\/title>\n<meta name=\"robots\" content=\"index, follow, max-snippet:-1, max-image-preview:large, max-video-preview:-1\" \/>\n<link rel=\"canonical\" href=\"https:\/\/teamguide.app\/blog\/irritacao\/inseguranca\/\" \/>\n<meta property=\"og:locale\" content=\"pt_BR\" \/>\n<meta property=\"og:type\" content=\"article\" \/>\n<meta property=\"og:title\" content=\"Inseguran\u00e7a - Blog do TeamGuide | Ferramentas e conte\u00fados para engajar sua equipe.\" \/>\n<meta property=\"og:url\" content=\"https:\/\/teamguide.app\/blog\/irritacao\/inseguranca\/\" \/>\n<meta property=\"og:site_name\" content=\"Blog do TeamGuide | Ferramentas e conte\u00fados para engajar sua equipe.\" \/>\n<meta property=\"article:modified_time\" content=\"2022-03-21T19:41:31+00:00\" \/>\n<meta property=\"og:image\" content=\"https:\/\/teamguide.app\/blog\/wp-content\/uploads\/2021\/10\/TeamGuide_Logo.png\" \/>\n\t<meta property=\"og:image:width\" content=\"1200\" \/>\n\t<meta property=\"og:image:height\" content=\"885\" \/>\n\t<meta property=\"og:image:type\" content=\"image\/png\" \/>\n<meta name=\"twitter:card\" content=\"summary_large_image\" \/>\n<meta name=\"twitter:site\" content=\"@teamguideapp\" \/>\n<script type=\"application\/ld+json\" class=\"yoast-schema-graph\">{\"@context\":\"https:\/\/schema.org\",\"@graph\":[{\"@type\":\"WebPage\",\"@id\":\"https:\/\/teamguide.app\/blog\/irritacao\/inseguranca\/\",\"url\":\"https:\/\/teamguide.app\/blog\/irritacao\/inseguranca\/\",\"name\":\"Inseguran\u00e7a - Blog do TeamGuide | Ferramentas e conte\u00fados para engajar sua equipe.\",\"isPartOf\":{\"@id\":\"https:\/\/teamguide.app\/blog\/#website\"},\"datePublished\":\"2022-03-21T19:41:07+00:00\",\"dateModified\":\"2022-03-21T19:41:31+00:00\",\"breadcrumb\":{\"@id\":\"https:\/\/teamguide.app\/blog\/irritacao\/inseguranca\/#breadcrumb\"},\"inLanguage\":\"pt-BR\",\"potentialAction\":[{\"@type\":\"ReadAction\",\"target\":[\"https:\/\/teamguide.app\/blog\/irritacao\/inseguranca\/\"]}]},{\"@type\":\"BreadcrumbList\",\"@id\":\"https:\/\/teamguide.app\/blog\/irritacao\/inseguranca\/#breadcrumb\",\"itemListElement\":[{\"@type\":\"ListItem\",\"position\":1,\"name\":\"In\u00edcio\",\"item\":\"https:\/\/teamguide.app\/blog\/\"},{\"@type\":\"ListItem\",\"position\":2,\"name\":\"Irrita\u00e7\u00e3o\",\"item\":\"https:\/\/teamguide.app\/blog\/irritacao\/\"},{\"@type\":\"ListItem\",\"position\":3,\"name\":\"Inseguran\u00e7a\"}]},{\"@type\":\"WebSite\",\"@id\":\"https:\/\/teamguide.app\/blog\/#website\",\"url\":\"https:\/\/teamguide.app\/blog\/\",\"name\":\"Blog do TeamGuide | Ferramentas e conte\u00fados para engajar sua equipe.\",\"description\":\"Conte\u00fado pr\u00e1tico para garantir altas taxas de engajamento na sua equipe e melhorar a experi\u00eancia dos colaboradores da sua empresa.\",\"publisher\":{\"@id\":\"https:\/\/teamguide.app\/blog\/#organization\"},\"potentialAction\":[{\"@type\":\"SearchAction\",\"target\":{\"@type\":\"EntryPoint\",\"urlTemplate\":\"https:\/\/teamguide.app\/blog\/?s={search_term_string}\"},\"query-input\":\"required name=search_term_string\"}],\"inLanguage\":\"pt-BR\"},{\"@type\":\"Organization\",\"@id\":\"https:\/\/teamguide.app\/blog\/#organization\",\"name\":\"TeamGuide\",\"url\":\"https:\/\/teamguide.app\/blog\/\",\"logo\":{\"@type\":\"ImageObject\",\"inLanguage\":\"pt-BR\",\"@id\":\"https:\/\/teamguide.app\/blog\/#\/schema\/logo\/image\/\",\"url\":\"https:\/\/teamguide.app\/blog\/wp-content\/uploads\/2023\/03\/TeamGuide_Icon.png\",\"contentUrl\":\"https:\/\/teamguide.app\/blog\/wp-content\/uploads\/2023\/03\/TeamGuide_Icon.png\",\"width\":177,\"height\":177,\"caption\":\"TeamGuide\"},\"image\":{\"@id\":\"https:\/\/teamguide.app\/blog\/#\/schema\/logo\/image\/\"},\"sameAs\":[\"https:\/\/x.com\/teamguideapp\",\"https:\/\/www.instagram.com\/teamguide.app\/\",\"https:\/\/www.linkedin.com\/company\/teamguide\/\",\"https:\/\/www.youtube.com\/channel\/UCR3_9O2dd08UDZSPLS89y5A\"]}]}<\/script>\n<!-- \/ Yoast SEO plugin. -->","yoast_head_json":{"title":"Inseguran\u00e7a - Blog do TeamGuide | Ferramentas e conte\u00fados para engajar sua equipe.","robots":{"index":"index","follow":"follow","max-snippet":"max-snippet:-1","max-image-preview":"max-image-preview:large","max-video-preview":"max-video-preview:-1"},"canonical":"https:\/\/teamguide.app\/blog\/irritacao\/inseguranca\/","og_locale":"pt_BR","og_type":"article","og_title":"Inseguran\u00e7a - Blog do TeamGuide | Ferramentas e conte\u00fados para engajar sua equipe.","og_url":"https:\/\/teamguide.app\/blog\/irritacao\/inseguranca\/","og_site_name":"Blog do TeamGuide | Ferramentas e conte\u00fados para engajar sua equipe.","article_modified_time":"2022-03-21T19:41:31+00:00","og_image":[{"width":1200,"height":885,"url":"https:\/\/teamguide.app\/blog\/wp-content\/uploads\/2021\/10\/TeamGuide_Logo.png","type":"image\/png"}],"twitter_card":"summary_large_image","twitter_site":"@teamguideapp","schema":{"@context":"https:\/\/schema.org","@graph":[{"@type":"WebPage","@id":"https:\/\/teamguide.app\/blog\/irritacao\/inseguranca\/","url":"https:\/\/teamguide.app\/blog\/irritacao\/inseguranca\/","name":"Inseguran\u00e7a - Blog do TeamGuide | Ferramentas e conte\u00fados para engajar sua equipe.","isPartOf":{"@id":"https:\/\/teamguide.app\/blog\/#website"},"datePublished":"2022-03-21T19:41:07+00:00","dateModified":"2022-03-21T19:41:31+00:00","breadcrumb":{"@id":"https:\/\/teamguide.app\/blog\/irritacao\/inseguranca\/#breadcrumb"},"inLanguage":"pt-BR","potentialAction":[{"@type":"ReadAction","target":["https:\/\/teamguide.app\/blog\/irritacao\/inseguranca\/"]}]},{"@type":"BreadcrumbList","@id":"https:\/\/teamguide.app\/blog\/irritacao\/inseguranca\/#breadcrumb","itemListElement":[{"@type":"ListItem","position":1,"name":"In\u00edcio","item":"https:\/\/teamguide.app\/blog\/"},{"@type":"ListItem","position":2,"name":"Irrita\u00e7\u00e3o","item":"https:\/\/teamguide.app\/blog\/irritacao\/"},{"@type":"ListItem","position":3,"name":"Inseguran\u00e7a"}]},{"@type":"WebSite","@id":"https:\/\/teamguide.app\/blog\/#website","url":"https:\/\/teamguide.app\/blog\/","name":"Blog do TeamGuide | Ferramentas e conte\u00fados para engajar sua equipe.","description":"Conte\u00fado pr\u00e1tico para garantir altas taxas de engajamento na sua equipe e melhorar a experi\u00eancia dos colaboradores da sua empresa.","publisher":{"@id":"https:\/\/teamguide.app\/blog\/#organization"},"potentialAction":[{"@type":"SearchAction","target":{"@type":"EntryPoint","urlTemplate":"https:\/\/teamguide.app\/blog\/?s={search_term_string}"},"query-input":"required name=search_term_string"}],"inLanguage":"pt-BR"},{"@type":"Organization","@id":"https:\/\/teamguide.app\/blog\/#organization","name":"TeamGuide","url":"https:\/\/teamguide.app\/blog\/","logo":{"@type":"ImageObject","inLanguage":"pt-BR","@id":"https:\/\/teamguide.app\/blog\/#\/schema\/logo\/image\/","url":"https:\/\/teamguide.app\/blog\/wp-content\/uploads\/2023\/03\/TeamGuide_Icon.png","contentUrl":"https:\/\/teamguide.app\/blog\/wp-content\/uploads\/2023\/03\/TeamGuide_Icon.png","width":177,"height":177,"caption":"TeamGuide"},"image":{"@id":"https:\/\/teamguide.app\/blog\/#\/schema\/logo\/image\/"},"sameAs":["https:\/\/x.com\/teamguideapp","https:\/\/www.instagram.com\/teamguide.app\/","https:\/\/www.linkedin.com\/company\/teamguide\/","https:\/\/www.youtube.com\/channel\/UCR3_9O2dd08UDZSPLS89y5A"]}]}},"_links":{"self":[{"href":"https:\/\/teamguide.app\/blog\/wp-json\/wp\/v2\/pages\/4413","targetHints":{"allow":["GET"]}}],"collection":[{"href":"https:\/\/teamguide.app\/blog\/wp-json\/wp\/v2\/pages"}],"about":[{"href":"https:\/\/teamguide.app\/blog\/wp-json\/wp\/v2\/types\/page"}],"author":[{"embeddable":true,"href":"https:\/\/teamguide.app\/blog\/wp-json\/wp\/v2\/users\/3"}],"replies":[{"embeddable":true,"href":"https:\/\/teamguide.app\/blog\/wp-json\/wp\/v2\/comments?post=4413"}],"version-history":[{"count":1,"href":"https:\/\/teamguide.app\/blog\/wp-json\/wp\/v2\/pages\/4413\/revisions"}],"predecessor-version":[{"id":4415,"href":"https:\/\/teamguide.app\/blog\/wp-json\/wp\/v2\/pages\/4413\/revisions\/4415"}],"up":[{"embeddable":true,"href":"https:\/\/teamguide.app\/blog\/wp-json\/wp\/v2\/pages\/4370"}],"wp:attachment":[{"href":"https:\/\/teamguide.app\/blog\/wp-json\/wp\/v2\/media?parent=4413"}],"curies":[{"name":"wp","href":"https:\/\/api.w.org\/{rel}","templated":true}]}}